{"id":891,"date":"2022-01-15T13:29:39","date_gmt":"2022-01-15T13:29:39","guid":{"rendered":"https:\/\/www.mujdesusludogan.com\/en\/?page_id=891"},"modified":"2022-01-26T07:23:15","modified_gmt":"2022-01-26T07:23:15","slug":"smile-design","status":"publish","type":"page","link":"https:\/\/www.mujdesusludogan.com\/en\/smile-design\/","title":{"rendered":"Smile Design"},"content":{"rendered":"<p>[vc_row full_width=&#8221;stretch_row&#8221; css=&#8221;.vc_custom_1642265068557{background-color: #f7f7f7 !important;}&#8221;][vc_column][vc_row_inner][vc_column_inner width=&#8221;1\/2&#8243;]<div class=\"cz_gap clr \" style=\"height: 60px\"><\/div><div id=\"cz_24149\" class=\"cz_24149 cz_title clr cz_mobile_text_center cz_title_pos_inline\"><div class=\"cz_title_shape shape_text cz_shape_1\"><\/div><div class=\"cz_title_content\"><div class=\"cz_wpe_content\"><h2 style=\"text-align: left;\">Smile Design<\/h2>\n<\/div><\/div><\/div><div class=\"cz_gap clr  hide_on_mobile\" style=\"height: 10px\"><\/div><div class=\"cz_gap show_on_mobile clr\" style=\"height: 10px\"><\/div>[vc_column_text]<\/p>\n<p style=\"text-align: justify;\"><span style=\"font-size: 17px;\">A smile is the most beautiful posture of a human face. It is everyone&#8217;s desire to be able to laugh beautifully and confidently. A bright beautiful smile is an important attribute in our social and professional life.<\/span><\/p>\n<p style=\"text-align: justify;\"><span style=\"font-size: 17px;\">If beauty is a relative aesthetic, it is a science-based phenomenon. Aesthetic dentistry is a multidisciplinary treatment method .It requires integrity.<\/span><\/p>\n<p style=\"text-align: justify;\"><span style=\"font-size: 17px;\">For an ideal smile design, it is often not enough to provide the ideal shape, size, color, alignment of the teeth with gum aesthetics(pink aesthetics).<\/span><br \/>\n<span style=\"font-size: 17px;\">As we get older, muscle strain decreases due to the effect of gravity, the distance between the wear of the teeth and the tip of the nose jaw, called the vertical dimension, decreases. Losses , asymmetries may occur in the mouth and surrounding tissues.<\/span><\/p>\n<p style=\"text-align: justify;\"><span style=\"font-size: 17px;\">We can make our teeth more beautiful and young with aesthetic laminations, whitening and bonding treatments. With Aesthetic Porcelain Laminates and Veneers, we can regain the smile we want again. But the face is a whole. If it is supported in the surrounding tissues along with a renewed sparkling smile, the treatment will achieve the full result.<\/span><\/p>\n<p style=\"text-align: justify;\"><span style=\"font-size: 17px;\">For example, an asymmetrical lip contour can be corrected without losing its shape with dermal filler, or the gingival visibility, which appears more than normal as a result of the upper lip muscles called Gummy smile, can be reduced to the desired level with botox.<\/span><\/p>\n<p>[\/vc_column_text]<div class=\"cz_gap clr  hide_on_mobile\" style=\"height: 10px\"><\/div><div class=\"cz_gap show_on_mobile clr\" style=\"height: 10px\"><\/div>[\/vc_column_inner][vc_column_inner width=&#8221;1\/2&#8243;]<div class=\"cz_gap clr  hide_on_mobile\" style=\"height: 130px\"><\/div><div class=\"cz_gap show_on_mobile clr\" style=\"height: 25px\"><\/div><div id=\"cz_57239\" class=\"cz_57239 cz_image clr cz_image_no_fx center_on_mobile\"><div class=\"\" ><div class=\"cz_image_in\"><div class=\"cz_main_image\"><img decoding=\"async\" width=\"600\" height=\"400\" src=\"data:image\/svg+xml,%3Csvg%20xmlns%3D&#39;http%3A%2F%2Fwww.w3.org%2F2000%2Fsvg&#39;%20width=&#39;600&#39;%20height=&#39;400&#39;%20viewBox%3D&#39;0%200%20600%20400&#39;%2F%3E\" data-czlz data-src=\"https:\/\/www.mujdesusludogan.com\/en\/wp-content\/uploads\/2022\/01\/gulus-tasarimi-1-1.jpg\" class=\"attachment-full\" alt=\"adana g\u00fcl\u00fc\u015f tasar\u0131m\u0131\" data-srcset=\"https:\/\/www.mujdesusludogan.com\/en\/wp-content\/uploads\/2022\/01\/gulus-tasarimi-1-1.jpg 600w, https:\/\/www.mujdesusludogan.com\/en\/wp-content\/uploads\/2022\/01\/gulus-tasarimi-1-1-300x200.jpg 300w\" data-sizes=\"(max-width: 600px) 100vw, 600px\" \/><\/div><\/div><\/div><\/div><div class=\"cz_gap clr \" style=\"height: 60px\"><\/div>[\/vc_column_inner][\/vc_row_inner][\/vc_column][\/vc_row]<\/p>\n","protected":false},"excerpt":{"rendered":"<p>[vc_row full_width=&#8221;stretch_row&#8221; css=&#8221;.vc_custom_1642265068557{background-color: #f7f7f7 !important;}&#8221;][vc_column][vc_row_inner][vc_column_inner width=&#8221;1\/2&#8243;][vc_column_text] A smile is the most &#8230; <\/p>\n","protected":false},"author":1,"featured_media":0,"parent":0,"menu_order":0,"comment_status":"closed","ping_status":"closed","template":"","meta":{"footnotes":""},"class_list":["post-891","page","type-page","status-publish","hentry"],"_links":{"self":[{"href":"https:\/\/www.mujdesusludogan.com\/en\/wp-json\/wp\/v2\/pages\/891","targetHints":{"allow":["GET"]}}],"collection":[{"href":"https:\/\/www.mujdesusludogan.com\/en\/wp-json\/wp\/v2\/pages"}],"about":[{"href":"https:\/\/www.mujdesusludogan.com\/en\/wp-json\/wp\/v2\/types\/page"}],"author":[{"embeddable":true,"href":"https:\/\/www.mujdesusludogan.com\/en\/wp-json\/wp\/v2\/users\/1"}],"replies":[{"embeddable":true,"href":"https:\/\/www.mujdesusludogan.com\/en\/wp-json\/wp\/v2\/comments?post=891"}],"version-history":[{"count":9,"href":"https:\/\/www.mujdesusludogan.com\/en\/wp-json\/wp\/v2\/pages\/891\/revisions"}],"predecessor-version":[{"id":976,"href":"https:\/\/www.mujdesusludogan.com\/en\/wp-json\/wp\/v2\/pages\/891\/revisions\/976"}],"wp:attachment":[{"href":"https:\/\/www.mujdesusludogan.com\/en\/wp-json\/wp\/v2\/media?parent=891"}],"curies":[{"name":"wp","href":"https:\/\/api.w.org\/{rel}","templated":true}]}}