{"id":6,"date":"2017-06-10T08:24:41","date_gmt":"2017-06-10T08:24:41","guid":{"rendered":"http:\/\/xtratheme.comwinery\/?page_id=6"},"modified":"2022-01-26T07:18:57","modified_gmt":"2022-01-26T07:18:57","slug":"about","status":"publish","type":"page","link":"https:\/\/www.mujdesusludogan.com\/en\/about\/","title":{"rendered":"About"},"content":{"rendered":"<p>[vc_row full_width=&#8221;stretch_row_content&#8221;][vc_column][vc_single_image image=&#8221;961&#8243; img_size=&#8221;full&#8221; alignment=&#8221;center&#8221;][\/vc_column][\/vc_row][vc_row][vc_column width=&#8221;1\/12&#8243;][\/vc_column][vc_column width=&#8221;10\/12&#8243;]<div class=\"cz_gap clr  hide_on_mobile\" style=\"height: 10px\"><\/div><div class=\"cz_gap show_on_mobile clr\" style=\"height: 10px\"><\/div><div id=\"cz_65334\" class=\"cz_65334 cz_title clr cz_mobile_text_center cz_title_pos_inline tac\"><div class=\"cz_title_shape shape_text cz_shape_1\"><\/div><div class=\"cz_title_content\"><div class=\"cz_wpe_content\"><h2 style=\"text-align: center;\">M\u00fcjde S\u00fcsl\u00fc Do\u011fan<\/h2>\n<\/div><\/div><\/div><div class=\"cz_gap clr \" style=\"height: 30px\"><\/div>[vc_column_text]<\/p>\n<p style=\"text-align: justify;\"><span style=\"font-size: 17px;\">She graduated from Ankara \u00d6zel Tevfik Fikret high School in 1990 and started her first choice dentistry education at the university exam in the same year. She graduated from Hacettepe University Faculty of Dentistry in 1995. She started his professional life, which she had been dreaming about since her middle school years; as an assistant physician next to Muzaffer \u00d6ztoprak, a dentist who was one of the first to apply implants in Turkey.<\/span><\/p>\n<p style=\"text-align: justify;\"><span style=\"font-size: 17px;\">After that, she established her own practice in Adana and started working, and she still continues with the same desire, excitement and love of her profession on the first day. She worked in the Adana Chamber of Dentists. She attended continuing education programs organized by the Turkish Dental Association, congresses, symposiums, special professional courses. She participated in the studies of the academy of aesthetic Dentistry (EDAD ). With EDAD, she discovered her interest and skill in aesthetic dentistry and constantly renewed herself in this field. She completed her education at Zimmer Institute Advanced Implant in Switzerland.<\/span><\/p>\n<p style=\"text-align: justify;\"><span style=\"font-size: 17px;\">She received Fluent Health The Academy; Botulinum toxinA Advanced practical and Dermal Fillers Advanced practical training.<\/span><br \/>\n<span style=\"font-size: 17px;\">She completed Bo\u011fazi\u00e7i University &#8220;Women Entrepreneur Management School&#8221; training programs in order to provide better dentistry service in her practice.<\/span><\/p>\n<p style=\"text-align: justify;\"><span style=\"font-size: 17px;\">She is still working successfully in her office with the enthusiasm of Smiling Teeth and Smiling Faces.<\/span><\/p>\n<p>[\/vc_column_text]<div class=\"cz_gap clr  hide_on_mobile\" style=\"height: 10px\"><\/div><div class=\"cz_gap show_on_mobile clr\" style=\"height: 10px\"><\/div>[\/vc_column][vc_column width=&#8221;1\/12&#8243;][\/vc_column][\/vc_row]<\/p>\n","protected":false},"excerpt":{"rendered":"<p>[vc_row full_width=&#8221;stretch_row_content&#8221;][vc_column][vc_single_image image=&#8221;961&#8243; img_size=&#8221;full&#8221; alignment=&#8221;center&#8221;][\/vc_column][\/vc_row][vc_row][vc_column width=&#8221;1\/12&#8243;][\/vc_column][vc_column width=&#8221;10\/12&#8243;][vc_column_text] She graduated from Ankara &#8230; <\/p>\n","protected":false},"author":1,"featured_media":0,"parent":0,"menu_order":0,"comment_status":"closed","ping_status":"closed","template":"","meta":{"footnotes":""},"class_list":["post-6","page","type-page","status-publish","hentry"],"_links":{"self":[{"href":"https:\/\/www.mujdesusludogan.com\/en\/wp-json\/wp\/v2\/pages\/6","targetHints":{"allow":["GET"]}}],"collection":[{"href":"https:\/\/www.mujdesusludogan.com\/en\/wp-json\/wp\/v2\/pages"}],"about":[{"href":"https:\/\/www.mujdesusludogan.com\/en\/wp-json\/wp\/v2\/types\/page"}],"author":[{"embeddable":true,"href":"https:\/\/www.mujdesusludogan.com\/en\/wp-json\/wp\/v2\/users\/1"}],"replies":[{"embeddable":true,"href":"https:\/\/www.mujdesusludogan.com\/en\/wp-json\/wp\/v2\/comments?post=6"}],"version-history":[{"count":13,"href":"https:\/\/www.mujdesusludogan.com\/en\/wp-json\/wp\/v2\/pages\/6\/revisions"}],"predecessor-version":[{"id":973,"href":"https:\/\/www.mujdesusludogan.com\/en\/wp-json\/wp\/v2\/pages\/6\/revisions\/973"}],"wp:attachment":[{"href":"https:\/\/www.mujdesusludogan.com\/en\/wp-json\/wp\/v2\/media?parent=6"}],"curies":[{"name":"wp","href":"https:\/\/api.w.org\/{rel}","templated":true}]}}