{"id":18,"date":"2017-06-10T08:25:52","date_gmt":"2017-06-10T08:25:52","guid":{"rendered":"http:\/\/xtratheme.comwinery\/?page_id=10"},"modified":"2022-01-26T08:38:52","modified_gmt":"2022-01-26T08:38:52","slug":"contact","status":"publish","type":"page","link":"https:\/\/www.mujdesusludogan.com\/en\/contact\/","title":{"rendered":"Contact"},"content":{"rendered":"<p>[vc_row full_width=&#8221;stretch_row&#8221; css=&#8221;.vc_custom_1642237552090{padding-top: 30px !important;padding-bottom: 40px !important;}&#8221;][vc_column]<div class=\"cz_gap clr \" style=\"height: 50px\"><\/div><div id=\"cz_34297\" class=\"cz_34297 cz_title clr cz_title_ba_line cz_title_pos_inline tac\"><div class=\"cz_title_content\"><div class=\"cz_wpe_content\"><h3 style=\"text-align: center;\"><span style=\"font-size: 30px;\">Contact Us<\/span><\/h3>\n<\/div><div class=\"cz_title_line cz_line_after_title\"><span>_<\/span><\/div><\/div><\/div><div class=\"cz_gap clr \" style=\"height: 35px\"><\/div>[\/vc_column][\/vc_row][vc_row][vc_column width=&#8221;1\/4&#8243;]<div id=\"cz_65898\" class=\"cz_65898 services clr style1 services_b\"><div class=\"service_custom\"><i class=\"fa czico-170-location\"><\/i><\/div><div class=\"service_text\"><h3>Address<\/h3><div class=\"cz_wpe_content\"><span style=\"color: #aaaaaa;\"><span style=\"font-size: 15px;\">Gazipa\u015fa, 3. Sok. Karabucak \u0130\u015f Merkezi D:205 Seyhan\/ADANA\/TURKEY<\/span><br \/>\n<\/span><\/div><\/div><\/div>[\/vc_column][vc_column width=&#8221;1\/4&#8243;]<a href=\"tel:+903224592718\"><div id=\"cz_90839\" class=\"cz_90839 services clr style1 services_b\"><div class=\"service_custom\"><i class=\"fa fa-phone\"><\/i><\/div><div class=\"service_text\"><h3>Phone<\/h3><div class=\"cz_wpe_content\"><span style=\"color: #aaaaaa;\">(0322) 459 27 18<\/span><\/div><\/div><\/div><\/a>[\/vc_column][vc_column width=&#8221;1\/4&#8243;]<a href=\"mailto:info@mujdesusludogan.com\"><div id=\"cz_14180\" class=\"cz_14180 services clr style1 services_b\"><div class=\"service_custom\"><i class=\"fas fa-envelope\"><\/i><\/div><div class=\"service_text\"><h3>Email<\/h3><div class=\"cz_wpe_content\"><span style=\"color: #aaaaaa;\">info@mujdesusludogan.com<\/span><\/div><\/div><\/div><\/a>[\/vc_column][vc_column width=&#8221;1\/4&#8243;]<div id=\"cz_55106\" class=\"cz_55106 services clr style1 services_b\"><div class=\"service_custom\"><i class=\"fa czico-171-circular-clock\"><\/i><\/div><div class=\"service_text\"><h3>Working Hours<\/h3><div class=\"cz_wpe_content\"><span style=\"color: #aaaaaa; font-size: 14px;\"><strong>Monday &#8211; Friday:\u00a0<\/strong>09.00-18.00<strong><br \/>\nSaturday: <\/strong>9.00-13.00<strong><br \/>\nSunday:<\/strong> Closed<\/span><\/div><\/div><\/div>[\/vc_column][\/vc_row][vc_row][vc_column]<div class=\"cz_gap clr  hide_on_mobile\" style=\"height: 50px\"><\/div><div class=\"cz_gap show_on_mobile clr\" style=\"height: 20px\"><\/div>[\/vc_column][\/vc_row][vc_row][vc_column width=&#8221;1\/2&#8243;]<div class=\"cz_gap clr \" style=\"height: 50px\"><\/div>[vc_column_text]<div id=\"quform-8323ab\" class=\"quform quform-1 quform-theme-light quform-support-page-caching\"><form id=\"quform-form-8323ab\" class=\"quform-form quform-form-1\" action=\"\/en\/wp-json\/wp\/v2\/pages\/18#quform-8323ab\" method=\"post\" enctype=\"multipart\/form-data\" novalidate=\"novalidate\" data-options=\"{&quot;id&quot;:1,&quot;uniqueId&quot;:&quot;8323ab&quot;,&quot;theme&quot;:&quot;light&quot;,&quot;ajax&quot;:true,&quot;logic&quot;:{&quot;logic&quot;:[],&quot;dependents&quot;:[],&quot;elementIds&quot;:[],&quot;dependentElementIds&quot;:[],&quot;animate&quot;:true},&quot;currentPageId&quot;:1,&quot;errorsIcon&quot;:&quot;&quot;,&quot;updateFancybox&quot;:true,&quot;hasPages&quot;:false,&quot;pages&quot;:[1],&quot;pageProgressType&quot;:&quot;numbers&quot;,&quot;tooltipsEnabled&quot;:true,&quot;tooltipClasses&quot;:&quot;qtip-quform-dark qtip-shadow&quot;,&quot;tooltipMy&quot;:&quot;left center&quot;,&quot;tooltipAt&quot;:&quot;right center&quot;,&quot;isRtl&quot;:false,&quot;scrollOffset&quot;:-50,&quot;scrollSpeed&quot;:800}\"><button class=\"quform-default-submit\" name=\"quform_submit\" type=\"submit\" value=\"submit\" aria-hidden=\"true\"><\/button><div class=\"quform-form-inner quform-form-inner-1\"><input type=\"hidden\" name=\"quform_form_id\" value=\"1\" \/><input type=\"hidden\" name=\"quform_form_uid\" value=\"8323ab\" \/><input type=\"hidden\" name=\"quform_count\" value=\"1\" \/><input type=\"hidden\" name=\"form_url\" value=\"https:\/\/www.mujdesusludogan.com\/en\/wp-json\/wp\/v2\/pages\/18\" \/><input type=\"hidden\" name=\"referring_url\" value=\"\" \/><input type=\"hidden\" name=\"post_id\" value=\"\" \/><input type=\"hidden\" name=\"post_title\" value=\"\" \/><input type=\"hidden\" name=\"quform_current_page_id\" value=\"1\" \/><input type=\"hidden\" name=\"quform_csrf_token\" value=\"jCJXmUfjRip1LlXTv2gjoOiUFnRM9tqqKBVTrus7\" \/><div class=\"quform-elements quform-elements-1 quform-cf quform-responsive-elements-phone-landscape\"><div class=\"quform-element quform-element-page quform-page-1 quform-page-1_1 quform-cf quform-group-style-plain quform-first-page quform-last-page quform-current-page\"><div class=\"quform-child-elements\"><div class=\"quform-element quform-element-text quform-element-1_12 quform-cf quform-labels-inside quform-element-required\"><div class=\"quform-spacer\"><div class=\"quform-label quform-label-1_12\"><span class=\"quform-label-icon\"><i class=\"fa fa-user\"><\/i><\/span><label class=\"quform-label-text\" for=\"quform_1_12_8323ab\">Your Name &amp; Surname<span class=\"quform-required\">*<\/span><\/label><\/div><div class=\"quform-inner quform-inner-text quform-inner-1_12\"><div class=\"quform-input quform-input-text quform-input-1_12 quform-cf\"><input type=\"text\" id=\"quform_1_12_8323ab\" name=\"quform_1_12\" class=\"quform-field quform-field-text quform-field-1_12\" \/><\/div><\/div><\/div><\/div><div class=\"quform-element quform-element-row quform-element-row-1_4 quform-2-columns quform-element-row-size-fixed quform-responsive-columns-phone-landscape\"><div class=\"quform-element quform-element-column quform-element-1_5\"><div class=\"quform-element quform-element-email quform-element-1_7 quform-cf quform-labels-inside quform-element-required\"><div class=\"quform-spacer\"><div class=\"quform-label quform-label-1_7\"><span class=\"quform-label-icon\"><i class=\"fa fa-envelope\"><\/i><\/span><label class=\"quform-label-text\" for=\"quform_1_7_8323ab\">E-Mail<span class=\"quform-required\">*<\/span><\/label><\/div><div class=\"quform-inner quform-inner-email quform-inner-1_7\"><div class=\"quform-input quform-input-email quform-input-1_7 quform-cf\"><input type=\"email\" id=\"quform_1_7_8323ab\" name=\"quform_1_7\" class=\"quform-field quform-field-email quform-field-1_7\" \/><\/div><\/div><\/div><\/div><\/div><div class=\"quform-element quform-element-column quform-element-1_6\"><div class=\"quform-element quform-element-text quform-element-1_8 quform-cf quform-labels-inside quform-element-optional\"><div class=\"quform-spacer\"><div class=\"quform-label quform-label-1_8\"><span class=\"quform-label-icon\"><i class=\"fa fa-phone\"><\/i><\/span><label class=\"quform-label-text\" for=\"quform_1_8_8323ab\">Your Phone Number<\/label><\/div><div class=\"quform-inner quform-inner-text quform-inner-1_8\"><div class=\"quform-input quform-input-text quform-input-1_8 quform-cf\"><input type=\"text\" id=\"quform_1_8_8323ab\" name=\"quform_1_8\" class=\"quform-field quform-field-text quform-field-1_8\" \/><\/div><\/div><\/div><\/div><\/div><\/div><div class=\"quform-element quform-element-textarea quform-element-1_9 quform-cf quform-labels-inside quform-element-required\"><div class=\"quform-spacer\"><div class=\"quform-label quform-label-1_9\"><span class=\"quform-label-icon\"><i class=\"fa fa-pencil-square-o\"><\/i><\/span><label class=\"quform-label-text\" for=\"quform_1_9_8323ab\">Your Message<span class=\"quform-required\">*<\/span><\/label><\/div><div class=\"quform-inner quform-inner-textarea quform-inner-1_9\"><div class=\"quform-input quform-input-textarea quform-input-1_9 quform-cf\"><textarea id=\"quform_1_9_8323ab\" name=\"quform_1_9\" class=\"quform-field quform-field-textarea quform-field-1_9\"><\/textarea><\/div><\/div><\/div><\/div><div class=\"quform-element quform-element-captcha quform-element-1_14 quform-cf quform-element-required\"><div class=\"quform-spacer\"><div class=\"quform-label quform-label-1_14\"><label class=\"quform-label-text\" for=\"quform_1_14_8323ab\">Please type the characters<span class=\"quform-required\">*<\/span><\/label><\/div><div class=\"quform-inner quform-inner-captcha quform-inner-1_14\"><div class=\"quform-input quform-input-captcha quform-input-1_14 quform-cf\"><input type=\"text\" id=\"quform_1_14_8323ab\" name=\"quform_1_14\" class=\"quform-field quform-field-captcha quform-field-1_14\" \/><\/div><div class=\"quform-captcha quform-cf\"><div class=\"quform-captcha-image quform-captcha-image-1_14\"><img decoding=\"async\" src=\"data:image\/png;base64,iVBORw0KGgoAAAANSUhEUgAAAOYAAABQBAMAAAD\/1xTgAAAAG1BMVEX\/\/\/8iIiLj4+OQkJCsrKw9PT10dHRZWVnHx8eotFyEAAAACXBIWXMAAA7EAAAOxAGVKw4bAAAECUlEQVRoge1YTVPbMBB15NjxsQs14Zi0QDniTltyjNOZwBFDgR5JIaXHphDoMQl0hp\/dXX1Z9oRYHTw+dPwOSCSSnqR9+6E4To0aNWrUsAPbXVRNOUwAwveVUkbA8a1Cyj+CEsJOZZRNUPhZGWdMdOdT\/LNZFWWAZO2Z48wB1qvi9NCQSElCqowTuY6pHVV4t+iaM2rxbvcqokTVbvAOu76qiNLxAdaw2X18Km9N9qGz8vsGwJETjEm8pQW\/bQivVrF2AS6CRMSEsuw5oqC2ghWl0x+VHPzkas+yYhQ60MHvuBRKHUwp1CwDuifdbDjlWyuFE2XZ2+ek2uHZopPlFLkzoBvul8GJsuw4AbHKwMaw3zaWjrR46EqOyuCMoU0NHoJzsiaXaLuT4XytxnJXfTFGcsEutXjeSV4slMkuRNfT7C+D2rqHy72TGsajtvUA9BW8fQ6\/nMzSVMm\/gRoSZc96hzp9NaKRqlWH3pfBV6s38Lyx8vumIRYvw1nGOfEU98npzcxx8bxeOJYuM0k9B3cFabcMe8bShHvOLop25ssDztNLpNJkJrreqqzNOracOpKKZZV5G0bESbRuo1X+uQ03MztOco0QdERgkrOl75Nfxaba0Io4RPq+seIcQXvgsAO9WiI4fe0fnJ9\/yUamC3HsX+pRjk\/BpHc3KObcueWzdIQZwStqXIOT15qHbx7JDGYYWuB1mvalaxji0F4R50KvK0QTi2XNcyqdQSomYpjw2GEMQzsduhYJL1YOF0kDdsUHLTNrpW+Hr+mHXHzrsZIXYY6pYA5F\/pT6QVd2PEE2zwQc9UbaSA+FBzrH1SPzCePDGmaIk+vVz7eWrnE8KaIWdwyWZByRRXlKnhJcCCNTyAzaEzMjLUdX61VxulQwUHa+yAx8mJ7eZbTBLzWCYcY7Ipuk3tVlVUPebaAqlYKZ\/IDdXCGIxvxVREmcA7VvqcBEcBa9NGPinGc53eKtOtx6M9GbKKGKnP2lYOIO94iJ4TtozknWdZ5BoISdZimySfijYB5qDMLeQbYMjCGc52SwFMjwW7YyxMxt0pUrrZ4OZZcYP\/dcm3qJkuPJYvej9hkUsEUp0IKTMYD5lvB4xGCJhUHVrzCp9Vs2dXML73BrfGqYwOfCQ0eeFc9mss7TQkXLsu+dgllN2MivPcSFNieJ1U8rQU6omEH3i5WAk27zG3uY\/rTRHyf5PMUXkvrv7cDGO3kANot9CdKFhbvkkBiFyrMIRG2xZNjW2CgwbEGUZ\/2CQT46CRsmSwvPwKJQyGEEZ8WTfF5MYN4q593dtNmmK07oiTqmGmDoI9X65bzSLIG6bV89RVWek5ed2dhXBSn\/WaOMR9q\/IPh0v\/JnpRo1atSoUeO\/wl8zhJ7p2SSxzwAAAABJRU5ErkJggg==\" alt=\"CAPTCHA image\" data-element-id=\"14\" width=\"115\" height=\"40\" \/><\/div><\/div><\/div><\/div><\/div><div class=\"quform-element quform-element-row quform-element-row-1_15 quform-3-columns quform-element-row-size-fixed quform-responsive-columns-phone-landscape\"><div class=\"quform-element quform-element-column quform-element-1_16\"><\/div><div class=\"quform-element quform-element-column quform-element-1_17\"><div class=\"quform-element quform-element-submit quform-element-1_2 quform-cf quform-button-style-theme quform-button-size-medium quform-button-width-medium\"><div class=\"quform-button-submit quform-button-submit-default quform-button-submit-1_2\" data-animation=\"one\"><button name=\"quform_submit\" type=\"submit\" class=\"quform-submit\" value=\"submit\"><span class=\"quform-button-text quform-button-submit-text\">Send<\/span><\/button><\/div><div class=\"quform-loading quform-loading-position-left quform-loading-type-spinner-1\"><div class=\"quform-loading-inner\"><div class=\"quform-loading-spinner\"><div class=\"quform-loading-spinner-inner\"><\/div><\/div><\/div><\/div><\/div><\/div><div class=\"quform-element quform-element-column quform-element-1_18\"><\/div><\/div><div class=\"quform-element-tree\"><label for=\"quform_1_0_8323ab\">This field should be left blank<\/label><input type=\"text\" id=\"quform_1_0_8323ab\" name=\"quform_1_0\" class=\"quform-field quform-field-tree quform-field-1_0\" tabindex=\"-1\" autocomplete=\"off\" \/><\/div><\/div><\/div><\/div><\/div><\/form><\/div>[\/vc_column_text]<div class=\"cz_gap clr \" style=\"height: 50px\"><\/div>[\/vc_column][vc_column width=&#8221;1\/2&#8243;]<div class=\"cz_gap clr \" style=\"height: 50px\"><\/div>[vc_gmaps link=&#8221;#E-8_JTNDaWZyYW1lJTIwc3JjJTNEJTIyaHR0cHMlM0ElMkYlMkZ3d3cuZ29vZ2xlLmNvbSUyRm1hcHMlMkZlbWJlZCUzRnBiJTNEJTIxMW0xOCUyMTFtMTIlMjExbTMlMjExZDMxODYuMzkxMTc4MzY4NTYxNyUyMTJkMzUuMzI1MDc3MDE1NzI4ODglMjEzZDM3LjAwMDQ2MzE3OTkwNzg2JTIxMm0zJTIxMWYwJTIxMmYwJTIxM2YwJTIxM20yJTIxMWkxMDI0JTIxMmk3NjglMjE0ZjEzLjElMjEzbTMlMjExbTIlMjExczB4MTUyODdkNjQ3OGUzYThiNyUyNTNBMHg1ZGVlYTY2MDliNDk2ODA0JTIxMnpSSEl1SUUzRHZHcGtaU0JFYjhTZllXNCUyMTVlMCUyMTNtMiUyMTFzdHIlMjEyc3RyJTIxNHYxNjQyMjM5Mjc3ODQzJTIxNW0yJTIxMXN0ciUyMTJzdHIlMjIlMjB3aWR0aCUzRCUyMjYwMCUyMiUyMGhlaWdodCUzRCUyMjQ1MCUyMiUyMHN0eWxlJTNEJTIyYm9yZGVyJTNBMCUzQiUyMiUyMGFsbG93ZnVsbHNjcmVlbiUzRCUyMiUyMiUyMGxvYWRpbmclM0QlMjJsYXp5JTIyJTNFJTNDJTJGaWZyYW1lJTNF&#8221;]<div class=\"cz_gap clr \" style=\"height: 50px\"><\/div>[\/vc_column][\/vc_row]<\/p>\n","protected":false},"excerpt":{"rendered":"<p>[vc_row full_width=&#8221;stretch_row&#8221; css=&#8221;.vc_custom_1642237552090{padding-top: 30px !important;padding-bottom: 40px !important;}&#8221;][vc_column][\/vc_column][\/vc_row][vc_row][vc_column width=&#8221;1\/4&#8243;][\/vc_column][vc_column width=&#8221;1\/4&#8243;][\/vc_column][vc_column width=&#8221;1\/4&#8243;][\/vc_column][vc_column width=&#8221;1\/4&#8243;][\/vc_column][\/vc_row][vc_row][vc_column][\/vc_column][\/vc_row][vc_row][vc_column &#8230; <\/p>\n","protected":false},"author":1,"featured_media":0,"parent":0,"menu_order":0,"comment_status":"closed","ping_status":"closed","template":"","meta":{"footnotes":""},"class_list":["post-18","page","type-page","status-publish","hentry"],"_links":{"self":[{"href":"https:\/\/www.mujdesusludogan.com\/en\/wp-json\/wp\/v2\/pages\/18","targetHints":{"allow":["GET"]}}],"collection":[{"href":"https:\/\/www.mujdesusludogan.com\/en\/wp-json\/wp\/v2\/pages"}],"about":[{"href":"https:\/\/www.mujdesusludogan.com\/en\/wp-json\/wp\/v2\/types\/page"}],"author":[{"embeddable":true,"href":"https:\/\/www.mujdesusludogan.com\/en\/wp-json\/wp\/v2\/users\/1"}],"replies":[{"embeddable":true,"href":"https:\/\/www.mujdesusludogan.com\/en\/wp-json\/wp\/v2\/comments?post=18"}],"version-history":[{"count":7,"href":"https:\/\/www.mujdesusludogan.com\/en\/wp-json\/wp\/v2\/pages\/18\/revisions"}],"predecessor-version":[{"id":1007,"href":"https:\/\/www.mujdesusludogan.com\/en\/wp-json\/wp\/v2\/pages\/18\/revisions\/1007"}],"wp:attachment":[{"href":"https:\/\/www.mujdesusludogan.com\/en\/wp-json\/wp\/v2\/media?parent=18"}],"curies":[{"name":"wp","href":"https:\/\/api.w.org\/{rel}","templated":true}]}}